{"id":3002,"date":"2025-06-27T15:37:29","date_gmt":"2025-06-27T15:37:29","guid":{"rendered":"https:\/\/www.backerinlaw.com\/Site\/?page_id=3002"},"modified":"2025-07-01T15:22:35","modified_gmt":"2025-07-01T15:22:35","slug":"larry-cata-backer-publications-16","status":"publish","type":"page","link":"https:\/\/www.backerinlaw.com\/Site\/larry-cata-backer-publications-16\/","title":{"rendered":"Larry Cat\u00e1 Backer Publications"},"content":{"rendered":"\n<h2 class=\"wp-block-heading\"><strong>China<\/strong><\/h2>\n\n\n\n<p><\/p>\n\n\n\n<p><strong>&#8220;Social Credit \u201cin\u201d or \u201cas\u201d the Cage of Regulation of Socialist Legality,&#8221; <em>The China Review <\/em>24(3):71-106 (2024) <\/strong>DOWNLOAD HERE: <a href=\"https:\/\/www.backerinlaw.com\/Site\/wp-content\/uploads\/2025\/07\/CR24.3_71-106.pdf\">https:\/\/www.backerinlaw.com\/Site\/wp-content\/uploads\/2025\/07\/CR24.3_71-106.pdf<\/a><\/p>\n\n\n\n<p><strong>Larry Cat\u00e1 Backer, \u201cLegal Semiotics, Globalization, and Governance,\u201d in (Anne Wagner and Sarah Marusek (editors)) Research Handbook on Legal Semiotics (Cheltenham, Eng., Edward Elgar, 2023) 61-85. Access <a href=\"https:\/\/papers.ssrn.com\/sol3\/papers.cfm?abstract_id=4320246\" target=\"_blank\" rel=\"noreferrer noopener\">submission draft here<\/a><\/strong><\/p>\n\n\n\n<p><strong>&#8220;China\u2019s Social Credit System: Data-Driven Governance for a \u2018New Era\u2019,&#8221; <em>Current History <\/em>(September 2019). <\/strong> ACCESS TEXT HERE: <a href=\"https:\/\/www.backerinlaw.com\/Site\/wp-content\/uploads\/2025\/07\/curh_118_809_209.pdf\" target=\"_blank\" rel=\"noreferrer noopener\">https:\/\/www.backerinlaw.com\/Site\/wp-content\/uploads\/2025\/07\/curh_118_809_209.pdf<\/a><\/p>\n\n\n\n<p><strong>\u201cNext Generation Law: Data Driven Governance and Accountability Based Regulatory Systems in the West, and in Social Credit Regimes in China,\u201d <\/strong>Southern California Interdisciplinary Law Journal 28:123-172 (2018). DOWNLOAD HERE: <a href=\"https:\/\/www.backerinlaw.com\/Site\/wp-content\/uploads\/2025\/07\/28-1-Backer.pdf\" target=\"_blank\" rel=\"noreferrer noopener\">https:\/\/www.backerinlaw.com\/Site\/wp-content\/uploads\/2025\/07\/28-1-Backer.pdf<\/a><\/p>\n\n\n\n<p><strong>\u767d \u8f72 [Larry Cat\u00e1 Backer],&nbsp; \u897f\u65b9\u53cd\u8150\u9886\u57df\u65b0\u4e3e\u63aa\uff0c\u4ece\u201c\u5404\u81ea\u4e3a\u653f\u201c\u5230\u201c\u4e00\u80a1\u5408\u529b\u201c&nbsp; 58(2):17-30 \u5409\u6797\u5927\u5b66\u793e\u4f1a\u79d1\u5b66\u5b66\u62a5 \u2014 [Sword One Thrust Strategy\u201d to Combat Criminal Corruption: Corporate Compliance, Prosecutorial Discretion, and Sovereign Investor Oversight, &nbsp;Jilin University Journal of Social Science] 58(2):17-30 (2018) (ISSN 0257-2834; DOI 10.15939\/j.jujsse.2018.02.fx2).&nbsp; <\/strong>DOWNLOAD MANUSCRIPT HERE: <a href=\"https:\/\/www.backerinlaw.com\/Site\/wp-content\/uploads\/2018\/07\/\u4ece\u201c\u5404\u81ea\u4e3a\u653f\u201d\u5230\u201c\u4e00\u80a1\u5408\u529b\u201d\uff0c\uff08\u897f\u65b9\uff09\u53cd\u8150\u9886\u57df\u65b0\u4e3e\u63aa\uff1a\u4f01\u4e1a\u5408\u89c4\u6cd5\u5f8b\u5236\u5ea6\uff0c\u516c\u8bc9\u4eba\u81ea\u7531\u88c1\u91cf\u6743\u4ee5\u53ca\u56fd\u5bb6\u4e3b\u6743\u6295\u8d44\u4eba\u5236\u5ea6.pdf\">\u4ece\u201c\u5404\u81ea\u4e3a\u653f\u201d\u5230\u201c\u4e00\u80a1\u5408\u529b\u201d\uff0c\uff08\u897f\u65b9\uff09\u53cd\u8150\u9886\u57df\u65b0\u4e3e\u63aa\uff1a\u4f01\u4e1a\u5408\u89c4\u6cd5\u5f8b\u5236\u5ea6\uff0c\u516c\u8bc9\u4eba\u81ea\u7531\u88c1\u91cf\u6743\u4ee5\u53ca\u56fd\u5bb6\u4e3b\u6743\u6295\u8d44\u4eba\u5236\u5ea6<\/a><\/p>\n\n\n\n<p><strong>\u6d4b\u5ea6\u3001\u8bc4\u4f30\u548c\u5956\u52b1\uff1a\u4e2d\u56fd\u548c\u897f\u65b9\u5efa\u7acb\u793e\u4f1a\u4fe1\u7528\u4f53\u7cfb\u7684\u6311\u6218\uff1f (Measurement, Assessment and Reward: The Challenges of Establishing a Social Credit System in China and the West?) ( \u201c\u4e92\u8054\u7f51\u91d1\u878d\u6cd5\u5f8b\u8bc4\u8bba\uff08jiflsjtu\uff09\u201d\u5fae\u4fe1\u516c\u4f17\u5e73\u53f0\u3002\u524d\u6cbf\u680f\u76ee\u00b7\u7b2c\u4e09\u5b63\u7b2c21\u7bc7\uff08\u603b\u7b2c182\u7bc7\uff09.&nbsp; <\/strong>(Shanghai Jiaotong University&nbsp; \u201cInternet Financial Law Review (jiflsjtu)). DOWNLOAD HERE: <a href=\"https:\/\/www.backerinlaw.com\/Site\/wp-content\/uploads\/2018\/07\/\u72ec\u5bb6_21182InternetFinanceLawRev2018.pdf\">\u72ec\u5bb6_21(182)InternetFinanceLawRev2018<\/a> <\/p>\n\n\n\n<p><strong>Chinese Constitutionalism in the \u2018New Era\u2019: The Constitution in Emerging Idea and Practice,\u201d <em>Connecticut Journal of International Law<\/em> 33(2):163-213 (2018).<\/strong> <strong>DOWNLOAD HERE: <a href=\"https:\/\/www.backerinlaw.com\/Site\/wp-content\/uploads\/2018\/06\/Backer-332UConnJIntlL6.13.18.pdf\">Backer 33(2)UConnJIntlL6.13.18<\/a><\/strong><\/p>\n\n\n\n<p><strong>\u201cBetween the Judge and the Law\u2014Judicial Independence and Authority with Chinese Characteristics,\u201d <em>Connecticut Journal of International Law<\/em> 33(1):1-41 (2017); <\/strong>DOWNLOAD ARTICLE HERE: <a href=\"https:\/\/www.backerinlaw.com\/Site\/wp-content\/uploads\/2018\/07\/Backer-Formatted-Final331CJIL2017.pdf\">Backer Formatted (Final)33(1)CJIL2017<\/a><\/p>\n\n\n\n<p><strong><em>Central Planning Versus Markets Marxism: Their Differences and Consequences for the International Ordering of State, Law, Politics, and Economy<\/em>, Connecticut Journal of International Law 32(1) :1-47 (2016). DOWNLOAD ARTICLE HERE: <a href=\"https:\/\/www.backerinlaw.com\/Site\/wp-content\/uploads\/2016\/04\/CT-Journal-of-International-Law.pdf\">CT Journal of International Law<\/a><\/strong><\/p>\n\n\n\n<p>\u4ee5\u201c\u53cc\u89c4\u201d\u5236\u5ea6\u4e3a\u5207\u5165\u70b9  \u767d \u8f72 \u738b\u53ef\u4efb \u8457 \u738b\u53ef\u4efb \u8bd1 \u90b5\u516d\u76ca \u6821 [Taking the \u201cShuanggui\u201d system as the starting point * Bai Ke (Larry Cat\u00e1 Backer), Wang Keren, Wang Keren, Shao Liuyi (ed)] <\/p>\n\n\n\n<p><strong><em>The Emerging Structures of Socialist Constitutionalism With Chinese Characteristics: Extra-Judicial Detention (Laojiao and Shuanggui) and the Chinese Constitutional Order<\/em>, 23(2) Pacific Rim Law &amp; Policy Journal 251-341 (2014)<\/strong> (With Keren Wang). https:\/\/digital.lib.washington.edu\/dspace-law\/handle\/1773.1\/1365 DOENLOAD ARTICLE HERE: <a href=\"https:\/\/www.backerinlaw.com\/Site\/wp-content\/uploads\/2015\/11\/23PRLPJ0251.pdf\">23PRLPJ0251<\/a>  <\/p>\n\n\n\n<p><strong><em>Crafting a Theory of Socialist Democracy for China in the 21<sup>st<\/sup> Century: Considering Hu Angang\u2019s Theory of Collective Presidency in the Context of the Emerging Chinese Constitutional State<\/em>, 16(1) Asian-Pacific Law and Policy Journal 29-82 (2014).<\/strong>&nbsp;&nbsp; blog.hawaii.edu\/aplpj\/files\/2015\/01\/APLPJ_16.1_Backer.pdf DOWNLOAD ARTICLE HERE: <a href=\"https:\/\/www.backerinlaw.com\/Site\/wp-content\/uploads\/2015\/11\/APLPJ_16.1_Backer.pdf\">APLPJ_16.1_Backer<\/a><\/p>\n\n\n\n<p><strong>Larry Cat\u00e1 Backer, <em>The Trans-Pacific Partnership: Japan, China, the U.S., and the Emerging Shape of a New World Trade Regulatory Order<\/em>, 13 Wash. U. Global Stud. L. Rev. 049 (2014)<\/strong>, http:\/\/openscholarship.wustl.edu\/law_globalstudies\/vol13\/iss1\/6 DOWNLOAD ARTICLE HERE: <a href=\"https:\/\/www.backerinlaw.com\/Site\/wp-content\/uploads\/2015\/11\/The-Trans-Pacific-Partnership_-Japan-China-the-U.S.-and-the-Em.pdf\">The Trans-Pacific Partnership_ Japan China the U.S. and the Em<\/a><\/p>\n\n\n\n<p><strong>Party, People, Government, and State: On Constitutional Values and the Legitimacy of the Chinese State-Party Rule of Law System, 30(1) Boston University International Law Journal 331-408 (2012)<\/strong>. <strong>DOWNLOAD ARTICLE HERE: <a href=\"https:\/\/www.backerinlaw.com\/Site\/wp-content\/uploads\/2013\/05\/30BUIntlLJ3312012China.pdf\">30BUIntlLJ331(2012)China<\/a><\/strong> <\/p>\n\n\n\n<p>&#8216;\u201c\u4e2d\u56fd\u5171\u4ea7\u515a\u521b\u9020\u51fa\u4e16\u754c\u4e0a\u6700\u6d3b\u8dc3\u7684\u53d1\u5c55\u4f53\u5236\u201d (CCP Created the World\u2019s Most Dynamic Development System\u201d, interview with Zhao Yining, \u51b3\u7b56\u4e0e\u4fe1\u606f\uff08Decision and Information), 2012 Vol.12, December 2012, ISSN 1002-8129. <strong>DOWNLOAD ARTICLE HERE:&nbsp;<a href=\"https:\/\/www.backerinlaw.com\/Site\/wp-content\/uploads\/2013\/05\/22InfoDecision337China-2012.pdf\">22InfoDecision337China 2012<\/a><\/strong><\/p>\n\n\n\n<p><strong>Symposium Issue: A Constitutional Court for China Within the Chinese Communist Party?: Scientific Development and a Reconsideration of the Institutional Role of the CCP, 43(3) Suffolk Law Review 593-624 (2010)<\/strong>. <strong>DOWNLOAD ARTICLE HERE<\/strong>:&nbsp;<a href=\"https:\/\/www.backerinlaw.com\/Site\/wp-content\/uploads\/2013\/05\/A-Const-Ct-for-China-wi-the-Chinese-Comm-Pty.pdf\">A Const Ct for China wi the Chinese Comm Pty<\/a> <\/p>\n\n\n\n<p><strong>\u201cEconomic Globalization Ascendant:&nbsp; Four Perspectives on the Emerging Ideology of the State in the New Global Order,\u201d&nbsp; <em>Berkeley La Raza Law Journal<\/em> 17(1):141-168 (2006).&nbsp; Published as \u201cGlobaliza\u00e7\u00e3o Econ\u00f4mica e Crise do Estado: um estudo em quatro perspectives\u201d, <em>Sequencia<\/em> No. 51: 255-276 (December 2005).<\/strong> DOWNLOAD ARTICLE HERE: <a href=\"https:\/\/www.backerinlaw.com\/Site\/wp-content\/uploads\/2012\/12\/17BerkLaRazaLJ1412006EconGlobal.pdf\">17BerkLaRazaLJ141(2006)EconGlobal<\/a><\/p>\n\n\n\n<p><strong>\u201cThe Rule of Law, The Chinese Communist Party, and Ideological Campaigns:&nbsp; Sange Daibiao (the \u201cThree Represents\u201d), Socialist Rule of Law, and Modern Chinese Constitutionalism,\u201d&nbsp;<em>Transnational Law &amp; Contemporary Problems<\/em> 16(1):29-102 (2006).<\/strong> DOWNLOAD ARTICLE HERE: <a href=\"https:\/\/www.backerinlaw.com\/Site\/wp-content\/uploads\/2012\/12\/16TransntlLContempPrblms292006ChineseConst.pdf\">16TransntlL&amp;ContempPrblms29(2006)ChineseConst<\/a><\/p>\n\n\n\n<p><\/p>\n\n\n\n<p>Return to <a href=\"https:\/\/www.backerinlaw.com\/Site\/welcome\/publications-3\/publications\/\" target=\"_blank\" rel=\"noreferrer noopener\">Published Works <\/a>Page<\/p>\n","protected":false},"excerpt":{"rendered":"<p>China &#8220;Social Credit \u201cin\u201d or \u201cas\u201d the Cage of Regulation of Socialist Legality,&#8221; The China Review 24(3):71-106 (2024) DOWNLOAD HERE: https:\/\/www.backerinlaw.com\/Site\/wp-content\/uploads\/2025\/07\/CR24.3_71-106.pdf Larry Cat\u00e1 Backer, \u201cLegal Semiotics, Globalization, and Governance,\u201d in (Anne Wagner and Sarah Marusek (editors)) Research Handbook on Legal Semiotics (Cheltenham, Eng., Edward Elgar, 2023) 61-85. Access submission draft here &#8220;China\u2019s Social Credit System: &hellip; <\/p>\n<p class=\"link-more\"><a href=\"https:\/\/www.backerinlaw.com\/Site\/larry-cata-backer-publications-16\/\" class=\"more-link\">Continue reading<span class=\"screen-reader-text\"> &#8220;Larry Cat\u00e1 Backer Publications&#8221;<\/span><\/a><\/p>\n","protected":false},"author":1,"featured_media":273,"parent":0,"menu_order":0,"comment_status":"closed","ping_status":"closed","template":"","meta":{"footnotes":""},"class_list":["post-3002","page","type-page","status-publish","has-post-thumbnail","hentry"],"_links":{"self":[{"href":"https:\/\/www.backerinlaw.com\/Site\/wp-json\/wp\/v2\/pages\/3002","targetHints":{"allow":["GET"]}}],"collection":[{"href":"https:\/\/www.backerinlaw.com\/Site\/wp-json\/wp\/v2\/pages"}],"about":[{"href":"https:\/\/www.backerinlaw.com\/Site\/wp-json\/wp\/v2\/types\/page"}],"author":[{"embeddable":true,"href":"https:\/\/www.backerinlaw.com\/Site\/wp-json\/wp\/v2\/users\/1"}],"replies":[{"embeddable":true,"href":"https:\/\/www.backerinlaw.com\/Site\/wp-json\/wp\/v2\/comments?post=3002"}],"version-history":[{"count":22,"href":"https:\/\/www.backerinlaw.com\/Site\/wp-json\/wp\/v2\/pages\/3002\/revisions"}],"predecessor-version":[{"id":3288,"href":"https:\/\/www.backerinlaw.com\/Site\/wp-json\/wp\/v2\/pages\/3002\/revisions\/3288"}],"wp:featuredmedia":[{"embeddable":true,"href":"https:\/\/www.backerinlaw.com\/Site\/wp-json\/wp\/v2\/media\/273"}],"wp:attachment":[{"href":"https:\/\/www.backerinlaw.com\/Site\/wp-json\/wp\/v2\/media?parent=3002"}],"curies":[{"name":"wp","href":"https:\/\/api.w.org\/{rel}","templated":true}]}}