{"id":2882,"date":"2025-06-17T15:43:41","date_gmt":"2025-06-17T15:43:41","guid":{"rendered":"https:\/\/www.backerinlaw.com\/Site\/?page_id=2882"},"modified":"2025-07-01T15:05:59","modified_gmt":"2025-07-01T15:05:59","slug":"larry-cata-backer-publications-9","status":"publish","type":"page","link":"https:\/\/www.backerinlaw.com\/Site\/larry-cata-backer-publications-9\/","title":{"rendered":"Larry Cat\u00e1 Backer Publications"},"content":{"rendered":"\n<h2 class=\"wp-block-heading\"><strong>European\/European Union Law<\/strong><\/h2>\n\n\n\n<p><\/p>\n\n\n\n<p><strong>Larry Cat\u00e1 Backer and Rafael Vel\u00e1zquez P\u00e9rez, \u201cThe EU to the Rescue of the Cuban Economy? The Political Dialogue and Cooperation Agreement (PDCA) and the State of Cuba-EU Economic Relations,\u201d 21 (2021) <em>Cuba in Transition: Proceedings of the Annual Meeting of the Association for the Study of the Cuban Economy <\/em>70-88. Access <a href=\"https:\/\/www.backerinlaw.com\/Site\/wp-content\/uploads\/2025\/04\/6-Backer-Perez.pdf\" target=\"_blank\" rel=\"noreferrer noopener\">HERE<\/a>.<\/strong><\/p>\n\n\n\n<p><strong>Sovereign Wealth Funds as Regulatory Chameleons: The Norwegian Sovereign Wealth Funds and Public Global Governance Through Private Global Investment, 41(2) Georgetown Journal of International Law 425-500 (2010)<\/strong>. <strong>DOWNLOAD ARTICLE HERE<\/strong>: <a href=\"https:\/\/www.backerinlaw.com\/Site\/wp-content\/uploads\/2013\/05\/412Georgetown-Journal-of-Intl-Law4252010NorwaySWFs.pdf\">41(2)Georgetown Journal of Intl Law425(2010)NorwaySWFs<\/a><\/p>\n\n\n\n<p><strong>Remarks: The Norwegian Sovereign Wealth Fund: Between Private and Public, 40 Georgetown Journal of International Law 1271-1280 (2009)<\/strong>. <strong>DOWNLOAD ARTICLE HERE<\/strong>: <a href=\"https:\/\/www.backerinlaw.com\/Site\/wp-content\/uploads\/2013\/05\/40GJIL12712009NorwaySWFs.pdf\">40GJIL1271(2009)NorwaySWFs<\/a> <\/p>\n\n\n\n<p><strong>\u201cMonitor and Manage:&nbsp; MiFID and Power in the Regulation of EU Financial Markets,\u201d&nbsp; <em>Yearbook of European Law<\/em> 27:349-386 (Oxford U. Press, 2008); reprinted in MiFID:&nbsp; A Competitive Landscape (Hyderabad, India: ICFAI University Press&nbsp; (<a href=\"http:\/\/www.iupindia.org\/default.asp\">http:\/\/www.iupindia.org\/default.asp<\/a>), 2008).<\/strong> <strong>DOWNLOAD ARTICLE HERE: <a href=\"https:\/\/www.backerinlaw.com\/Site\/wp-content\/uploads\/2013\/02\/Yearbook-of-European-Law-2008-Cat\u00e1-Backer-349-86.pdf\">Yearbook of European Law-2008-Cat\u00e1 Backer-349-86<\/a><\/strong><\/p>\n\n\n\n<p><strong>\u201cThe Private Law of Public Law:&nbsp; Public Authorities As Shareholders, Golden Shares, Sovereign Wealth Funds, And The Public Law Element In Private Choice of Law,\u201d <em>Tulane Law Review<\/em> 82(5):1801-1868 (2008).<\/strong> <strong>DOWNLOAD ARTICLE HERE: <a href=\"https:\/\/www.backerinlaw.com\/Site\/wp-content\/uploads\/2013\/02\/Tulane-Law-Review-Backer.pdf\">Tulane Law Review \u2013 Backer<\/a><\/strong><\/p>\n\n\n\n<p>\u201c<strong>The Euro and the European Demos: A Reconstitution,\u201d&nbsp; <em>Year Book of European Law<\/em> 21:13-61 (P. Eeckhout and T. Tridimas, eds., Oxford: Oxford Univ. Press, 21:13-61 (2002).<\/strong>  <strong>DOWNLOAD ARTICLE HERE<\/strong>: <a href=\"mailto:lcb11@psu.edu\">PLEASE CONTACT AUTHOR FOR A COPY OF FULL TEXT OF THIS ARTICLE.<\/a><\/p>\n\n\n\n<p><strong>\u201cInscribing Judicial Preferences into Our Basic Law: The Political Jurisprudence of European Margins of Appreciation As Constitutional Jurisprudence in the U.S.,\u201d 7 <em>Tulsa Comparative &amp; International Law Journal<\/em> 327-373 (2000)<\/strong>. DOWNLOAD ARTICLE HERE: <a href=\"https:\/\/www.backerinlaw.com\/Site\/wp-content\/uploads\/2012\/07\/7TulsaJCompIntlL3272000-Inscribing-Judicial-Pref..pdf\">7TulsaJComp&amp;IntlL327(2000) Inscribing Judicial Pref.<\/a><\/p>\n\n\n\n<p><strong>\u201cForging Federal Systems Within a Matrix of Contained Conflict: The Example of the European Union,\u201d Harvard Jean Monnet Working Paper, No. 4\/98 (1998); 12 <em>Emory International Law Review<\/em> 1331-1394 (1998).<\/strong>DOWNLOAD ARTICLE HERE: <a href=\"https:\/\/www.backerinlaw.com\/Site\/wp-content\/uploads\/2012\/07\/12EmoryIntntlLRev13311998EUMatrix.pdf\">12EmoryIntntlLRev1331(1998)EUMatrix<\/a><\/p>\n\n\n\n<p><strong>Harmonization, Subsidiarity and Cultural Differences: An Essay on the Dynamics of Opposition Within Federative and International Legal Systems, 4 Tulsa Journal of Comparative &amp; International Law 185-217 (1997).<\/strong> DOWNLOAD ARTICLE HERE: <a href=\"https:\/\/www.backerinlaw.com\/Site\/wp-content\/uploads\/2012\/07\/4TulsaJCompIntlL1851997Harmonization.pdf\">4TulsaJComp&amp;IntlL185(1997)Harmonization<\/a><\/p>\n\n\n\n<p><\/p>\n\n\n\n<p>Return to <a href=\"https:\/\/www.backerinlaw.com\/Site\/welcome\/publications-3\/publications\/\" target=\"_blank\" rel=\"noreferrer noopener\">Publications Homepage HERE<\/a><\/p>\n\n\n\n<p><\/p>\n","protected":false},"excerpt":{"rendered":"<p>European\/European Union Law Larry Cat\u00e1 Backer and Rafael Vel\u00e1zquez P\u00e9rez, \u201cThe EU to the Rescue of the Cuban Economy? The Political Dialogue and Cooperation Agreement (PDCA) and the State of Cuba-EU Economic Relations,\u201d 21 (2021) Cuba in Transition: Proceedings of the Annual Meeting of the Association for the Study of the Cuban Economy 70-88. Access &hellip; <\/p>\n<p class=\"link-more\"><a href=\"https:\/\/www.backerinlaw.com\/Site\/larry-cata-backer-publications-9\/\" class=\"more-link\">Continue reading<span class=\"screen-reader-text\"> &#8220;Larry Cat\u00e1 Backer Publications&#8221;<\/span><\/a><\/p>\n","protected":false},"author":1,"featured_media":0,"parent":0,"menu_order":0,"comment_status":"closed","ping_status":"closed","template":"","meta":{"footnotes":""},"class_list":["post-2882","page","type-page","status-publish","hentry"],"_links":{"self":[{"href":"https:\/\/www.backerinlaw.com\/Site\/wp-json\/wp\/v2\/pages\/2882","targetHints":{"allow":["GET"]}}],"collection":[{"href":"https:\/\/www.backerinlaw.com\/Site\/wp-json\/wp\/v2\/pages"}],"about":[{"href":"https:\/\/www.backerinlaw.com\/Site\/wp-json\/wp\/v2\/types\/page"}],"author":[{"embeddable":true,"href":"https:\/\/www.backerinlaw.com\/Site\/wp-json\/wp\/v2\/users\/1"}],"replies":[{"embeddable":true,"href":"https:\/\/www.backerinlaw.com\/Site\/wp-json\/wp\/v2\/comments?post=2882"}],"version-history":[{"count":13,"href":"https:\/\/www.backerinlaw.com\/Site\/wp-json\/wp\/v2\/pages\/2882\/revisions"}],"predecessor-version":[{"id":3271,"href":"https:\/\/www.backerinlaw.com\/Site\/wp-json\/wp\/v2\/pages\/2882\/revisions\/3271"}],"wp:attachment":[{"href":"https:\/\/www.backerinlaw.com\/Site\/wp-json\/wp\/v2\/media?parent=2882"}],"curies":[{"name":"wp","href":"https:\/\/api.w.org\/{rel}","templated":true}]}}