{"id":1299,"date":"2016-04-21T19:11:22","date_gmt":"2016-04-21T19:11:22","guid":{"rendered":"http:\/\/www.backerinlaw.com\/Site\/?page_id=1299"},"modified":"2017-05-25T13:32:21","modified_gmt":"2017-05-25T13:32:21","slug":"2016-published-articles","status":"publish","type":"page","link":"https:\/\/www.backerinlaw.com\/Site\/welcome\/publications-3\/publications\/2016-published-articles\/","title":{"rendered":"2016 Published Articles"},"content":{"rendered":"<h4 style=\"text-align: justify;\">Larry Cat\u00e1 Backer, <em><a href=\"https:\/\/papers.ssrn.com\/sol3\/papers.cfm?abstract_id=2685961\">Are Supply Chains Transnational Legal Orders? What We Can Learn from the Rana Plaza Factory Building Collapse<\/a><\/em>, UC Irvine Journal of International, Transnational, and Comparative Law 1(1):11-66 (Fall 2016).<\/h4>\n<p style=\"text-align: justify;\">DOWNLOAD ARTICLE HERE:<a href=\"https:\/\/www.backerinlaw.com\/Site\/wp-content\/uploads\/2016\/04\/Jour.-Internationl-Transnat.-Comparative-Law.pdf\" rel=\"\">Jour. Internationl, Transnat., &amp; Comparative Law<\/a><\/p>\n<blockquote><p>\u00a0<strong>Abstract<\/strong>: In 2013, over a thousand workers were killed when the Rana Plaza factory building collapsed in Bangladesh, one housing several garment factories producing goods for global consumer markets. The collapse, and its consequences, exposed both the complex interweaving of national law, international standards, and private governance standards that together might be understood as a transnational legal order that has some effects on business behavior. This essay engages in a close examination of the Rana Plaza factory building collapse and its aftermath as the starting point for theorizing systemicity in the emerging interlocking systems of national, private and international governance orders. At one level, the governance architectures around the Rana Plaza building collapse suggests bits and pieces of governance and lawmaking that may point to the development of distinct governance orders that bump into each other serendipitously. Yet it is also possible to theorize systemicity from out of these bits, pieces, and bumps that may suggest the nature and forms that are emerging as a distinct class of transnational legal order. Starting from the governance response to the Rana Plaza building collapse facts, this article examines the way that the collective actions of states, international organizations, enterprises, civil society, and affected groups evidence a robust transnational legal order. That transnational order has a normative structure, operationalizes a legal process, and structures a framework within which international organizations, and state and non-state private actors strive toward building functional coherence within formally polycentric governance orders. Alternatively, Rana Plaza might suggest polycentric governance ordering or the new face of old hierarchical relations between developed and developing states. The essay concludes that the reality of the context in which governance arises may continue to defy a single robust theorization. Theories may be chasing facts, but the complexity of the legal ordering reflected in the arc of the story of the Rana Plaza factory building collapse also suggest that facts may soon turn on and reshape theory.<\/p><\/blockquote>\n<p style=\"padding-left: 30px;\">_________<\/p>\n<h4>Larry Cat\u00e1 Backer, <em><a href=\"http:\/\/digitalcommons.law.scu.edu\/scujil\/vol14\/iss1\/10\">Corporate Social Responsibility in Weak Governance Zones<\/a><\/em>, Santa Clara Journal of International Law4(1):297-332 (2016).<\/h4>\n<p>DOWNLOAD ARTICLE HERE: <a href=\"https:\/\/www.backerinlaw.com\/Site\/wp-content\/uploads\/2016\/04\/Corporate-Social-Responsibility-in-Weak-Governance-Zones.pdf\" rel=\"\">Corporate Social Responsibility in Weak Governance Zones<\/a><\/p>\n<p style=\"padding-left: 30px;\">Abstract: This article considers the evolution of governance standards for determining the extent\u00a0 of\u00a0 an\u00a0 enterprise\u2019s\u00a0 responsibilities\u00a0 to \u00a0\u00a0protect\u00a0 human\u00a0 rights\u00a0 in\u00a0 weak\u00a0 governance\u00a0 zones.\u00a0 The article briefly describes the development of the standard and then evaluates the standard as it has been developed and framed within the U.N. Guiding Principles for Business and Human Rights and in the Organization for Economic Cooperation\u00a0\u00a0 and\u00a0\u00a0 Development\u2019s\u00a0\u00a0 Guidelines\u00a0\u00a0 for Multinational\u00a0\u00a0 Enterprises\u00a0\u00a0 (OECD\u00a0 Guidelines).\u00a0 Particular attention will be paid to the Risk Awareness Tool for Multinational Enterprises which was developed to complement the OECD Guidelines following\u00a0 the\u00a0 call\u00a0 made\u00a0 by\u00a0 2005\u00a0 G8\u00a0 Summit\u00a0 for\u00a0 the\u00a0 development\u00a0 of\u00a0 OECD\u00a0 guidance.\u00a0\u00a0 The article suggests the ways that CSR has been transformed, in some respects, to a mandate for assuming governance responsibilities in those states unable or unwilling to institute systems of law that conform to international consensus standards on human rights.\u00a0 It also\u00a0 explores\u00a0 the\u00a0 challenges\u00a0 of\u00a0 the\u00a0 approaches\u00a0 of\u00a0 both\u00a0 efforts.\u00a0 Both acknowledge the autonomy of enterprises as directly responsible for the operationalization of international norms wherever they operate. Yet both also open the door to extraterritorial application of law.\u00a0 The same framework that advances the governance autonomy of enterprises also envisions them as the vehicles through which home states may project national power within host states with weak governance regimes. Or it\u00a0 may\u00a0 be\u00a0 understood\u00a0 as\u00a0 an\u00a0 important\u00a0 vehicle\u00a0 for\u00a0 internationalizing\u00a0 the\u00a0 law\u00a0 of\u00a0 states characterized by weak governance.\u00a0 In this respect the weak governance zone principles parallels, on the private side, the efforts at legal internationalization general to many bilateral investment treaties.\u00a0 And this tension built into both frameworks, a tension that goes to the dual character of enterprises as both autonomous governance\u00a0 actors\u00a0 and\u00a0 as\u00a0 creatures\u00a0 of\u00a0 the\u00a0 states\u00a0 in\u00a0 which\u00a0 they\u00a0 are\u00a0 domiciled,\u00a0 that\u00a0 mark the potential and the challenge to the internationalization of regimes of CSR.<\/p>\n<p style=\"padding-left: 30px;\">__________<\/p>\n<h4 style=\"text-align: justify;\">Larry Cat\u00e1 Backer, <em>The Emerging Normative Structures of Transnational Law: Non-State Enterprises in Polycentric Asymmetric Global Orders<\/em>, Brigham Young University Journal of Public Law 31(1):1-52 ( 2016).<\/h4>\n<p style=\"text-align: justify;\">DOWNLOAD ARTICLE HERE: <a href=\"https:\/\/www.backerinlaw.com\/Site\/wp-content\/uploads\/2016\/04\/BYU-Journal-of-Public-Law.pdf\" rel=\"\">BYU Journal of Public Law<\/a><\/p>\n<blockquote>\n<p style=\"text-align: justify;\">Abstract: Globalization has produced a wealth of writing that seeks to theorize the emerging relationships between states, non-state actors (especially multinational corporations), and international organizations. For lawyers, the relationship among these actors through law is especially meaningful. What has been emerging in recent years with greater clarity is that while the formal structures of the organization of law and its relationship to the state system remains substantially unchanged, the realities on the ground have moved substantially away from these formal structures. The traditional premises that have been used to justify and explain the relationships among states, non-state actors, international organizations, law and governance no longer adequately either explain or justify the actual behaviors and outlooks of these actors. This essay considers the tension between the traditional premises of organizing governance (within and through states) and the emerging transnational legal order. The focus of examination is the corporation, which is where this tension is most in evidence. The analysis starts with the ideology of the state order, which disguises alternative governance orders and the governments through which they are operationalized. It is with the effects of the ideology of the state order that the analytical limitations of analysis become clearer, the object of Section II. Sections III and IV explore the power of ideology in framing analysis in the conception of the reality of self-constitutionalizing organization outside the state and in theorizing of transnational law as method. Both suggest the ways in which the ideologies of framing analysis can color both the way in which relationships are understood and the objectives of analysis are formed. Section V then posits an alternative analysis, normatively autonomous (though not entirely free) of the orbit of the state, a vision possible only when the ideological presumptions of the state are suspended.<\/p>\n<\/blockquote>\n<p style=\"padding-left: 30px;\">__________<\/p>\n<h4>Larry Cat\u00e1 Backer,\u00a0 <em>Shaping a Global Law for Business Enterprises: Framing Principles and the Promise of a Comprehensive Treaty on Business and Human Rights<\/em>, North Carolina Journal of International Law 42(2): 417-504 (2016).<\/h4>\n<p>DOWNLOAD ARTICLE HERE: <a href=\"https:\/\/www.backerinlaw.com\/Site\/wp-content\/uploads\/2016\/04\/REV_Backer_2AE1_CLEAN.docx\" rel=\"\">REV_Backer_2AE1_CLEAN<\/a><\/p>\n<blockquote><p>Since 2014, an open-ended intergovernmental working\u00a0 group\u00a0 (IGWG) on\u00a0 transnational\u00a0 corporations\u00a0 and\u00a0 other\u00a0 business enterprises\u00a0 with respect to\u00a0 human rights, was charged by the U.N. Human Rights Council with the task of elaborating\u00a0 an international\u00a0 legally\u00a0 binding\u00a0 instrument\u00a0 to\u00a0 regulate,\u00a0 in\u00a0 international\u00a0 human\u00a0 rights\u00a0 law,\u00a0 the activities of transnational corporations and other business enterprises. What are the principles that ought to frame the drafting of a treaty? How does one evaluate the effect pf provisions against these fundamental principles and objectives? Lastly, how does one develop a framework for pragmatic compromise that preserves the integrity of the treaty draft without compromising its core principles? These are not just theoretical questions.\u00a0 This article considers the means of approaching these questions and their consequences for the project of elaborating a comprehensive treaty for business and human rights that face treaty drafters. And its principal insight follows from its focus: no comprehensive treaty for business and human rights will retain any coherence or fidelity to its core objectives unless the treaty drafters first identify and choose among the ideologically distinct principles frameworks for going forward and tie the elaboration of specific provisions to these principles. After a short introduction, the contribution first considers the normative principles that might constrain treaty making.\u00a0 To that end it considers both the charge to the intergovernmental working group and the objectives statements of an influential group of NGOs that have been important in driving the process.\u00a0 These suggest the range of ideological choices that must serve as a starting point for treaty drafting that is principled. For that purpose, evolutive and transformative objectives are distinguished and considered in the context of framework, institutional and systemic objectives.\u00a0 The contribution then considers how these principles would need to be expressed in a treaty.\u00a0 Negotiation will tend to focus on three classes of technical provisions, all of which look ideologically adrift, but each of which is embedded with principle and the choices of ideology moving the elaboration project forward: structural provisions, substantive provisions, and process provisions. That consideration then raises a crucial issue\u2014the extent to which the application of principle to treaty writing may produce a challenge to conventional norms and the ideologies of domestic and international law systems that may require pragmatic compromise in treaty drafting.\u00a0 The contribution ends by considering the ways that principled pragmatism may be useful in helping construct a framework for determining an approach to treaty making in the shadow of the UN Guiding Principles themselves.<\/p><\/blockquote>\n<p style=\"padding-left: 30px;\">__________<\/p>\n<h4>Larry Cat\u00e1 Backer, <em>Central Planning Versus Markets Marxism: Their Differences and Consequences for the International Ordering of State, Law, Politics, and Economy<\/em>, Connecticut Journal of International Law 32(1) :1-47 (2016).<\/h4>\n<blockquote>\n<p style=\"text-align: justify;\">Abstract:\u00a0 Two theories of Marxist state organization have been developing recently, each pointing in quite distinct ways to the organization of society, the state, government and the role of the vanguard Party. The development of an Asian \u201cMarkets Marxism\u201d Model is well understood.\u00a0 The recent emergence of a Latin American \u201cCentral Planning Marxism\u201d Model is less well understood. This paper examines the characteristics of this emerging \u201cCentral Planning Marxism\u201d mode by looking at its development in Cuba since 2011. The examination centers on the official theory produced from the 6<sup>th<\/sup> through the 7<sup>th<\/sup> Congresses of the Cuban Communist Party (PCC). The 7<sup>th<\/sup> PCC Congress stands in stark contrast to its predecessor. A close examination of the development from the 6<sup>th<\/sup> to the 7<sup>th<\/sup> Congress may suggest the limits of reform in Cuba. These limits are structural as well as ideological. After a short introduction, Part II considers the structural constraints on reform as evidenced in the 7<sup>th<\/sup> Congress. process aspects of the 7<sup>th<\/sup> PCC Congress. Part III then considers the ideological constraints on reform that were produced in the 7<sup>th<\/sup> Congress and its substantive consequences of what now appears to be a sputtering of the reform trajectory from the 6<sup>th<\/sup> to the 7<sup>th<\/sup> PCC Congress. That exploration revolves around a close reading of the major ideological product of the 7<sup>th<\/sup> Congress, its Conceptualizaci\u00f3n which is intended to complement the Guidelines (Lineamientos) of the 6th PCC Congress, and provide the theoretical foundation for its further implementation of the reforms these Guidelines represented. \u00a0Part IV then contrasts this emerging Model with the Asian \u201cMarkets Marxism\u201d Model. The consequences for political economy, legitimacy and law are also discussed.\u00a0 Differences between the Asian Markets Marxism and the Cuban Central Planning Marxist Models may have profound implications for rule of law development and the structures of regulatory governance in administrative structures. \u00a0Those differences suggest the difficulty of developing consensus for key concepts in law\u2014from rule of law, to human rights and markets. An understanding of these quite distinct conceptual frameworks of understanding law, economics and politics will be essential as the leaders of these quite conceptually distinct systems seek to interact.<\/p>\n<p style=\"text-align: justify;\"><em>\u00a0<\/em><em>Dos teor\u00edas de la organizaci\u00f3n marxista del estado se desarrollan en los \u00faltimos a\u00f1os, cada una apuntando en formas muy distintas a la organizaci\u00f3n de la sociedad, el estado, el gobierno y el papel del partido de vanguardia. El desarrollo de un modelo asi\u00e1tico &#8220;marxismo mercador&#8221; se entiende bien. La reciente aparici\u00f3n de un modelo latinoamericano &#8220;Central de Planificaci\u00f3n marxismo&#8221; es menos conocido. Este art\u00edculo examina las caracter\u00edsticas de esta modalidad emergente &#8220;marxismo planificador&#8221; al ver su desarrollo en Cuba desde 2011. Los centros de examen sobre la teor\u00eda oficial producido a partir de la 6\u00aa a trav\u00e9s de los 7\u00ba Congresos del Partido Comunista de Cuba (PCC). El 7\u00ba Congreso del PCC est\u00e1 en marcado contraste con su predecesor. Un examen detallado de la evoluci\u00f3n del 6 al 7 \u00b0 Congreso puede sugerir los l\u00edmites de la reforma en Cuba. Estos l\u00edmites son estructurales, as\u00ed como ideol\u00f3gico. Tras una breve introducci\u00f3n, la segunda parte considera las limitaciones estructurales de la reforma como se evidencia en el 7\u00ba Congreso. aspectos del proceso del 7\u00ba Congreso del PCC. En la Parte III se consideran las limitaciones ideol\u00f3gicas de la reforma que se produjeron en el 7\u00ba Congreso y sus consecuencias sustantivas de lo que ahora parece ser un chisporroteo de la trayectoria de la reforma del 6 al 7 \u00b0 Congreso. Esta exploraci\u00f3n gira alrededor del producto ideol\u00f3gico m\u00e1s importante del 7\u00ba Congreso, su Conceptualizaci\u00f3n que est\u00e1 destinada a complementar las lineamientos del 6\u00ba Congreso del PCC, y proporcionar la base te\u00f3rica para su ulterior aplicaci\u00f3n de las reformas de las presentes directrices representadas. Parte IV contrasta este modelo emergente con el modelo asi\u00e1tico &#8220;marxismo mercador&#8221;. Tambi\u00e9n se discuten las consecuencias para la econom\u00eda pol\u00edtica, la legitimidad y el derecho. Las diferencias entre la teor\u00edas marxista asi\u00e1tico y latinoamericano tendr\u00e1n profundas implicaciones para el desarrollo del estado de derecho y las estructuras de gobernanza regulatoria en las estructuras administrativas. Estas diferencias sugieren la dificultad de desarrollar un consenso para los conceptos clave en el proceso legislativo del estado de derecho, los derechos humanos y de los mercados. La comprensi\u00f3n de estos marcos conceptuales muy distintas de entender el derecho, la econom\u00eda y la pol\u00edtica ser\u00e1 esencial, ya que los l\u00edderes de estos sistemas bastante conceptualmente distintas buscan interactuar.<\/em><\/p>\n<\/blockquote>\n<p><strong>DOWNLOAD ARTICLE HERE: <a href=\"https:\/\/www.backerinlaw.com\/Site\/wp-content\/uploads\/2016\/04\/CT-Journal-of-International-Law.pdf\" rel=\"\">CT Journal of International Law<\/a><\/strong><\/p>\n","protected":false},"excerpt":{"rendered":"<p>Larry Cat\u00e1 Backer, Are Supply Chains Transnational Legal Orders? What We Can Learn from the Rana Plaza Factory Building Collapse, UC Irvine Journal of International, Transnational, and Comparative Law 1(1):11-66 (Fall 2016). DOWNLOAD ARTICLE HERE:Jour. Internationl, Transnat., &amp; Comparative Law \u00a0Abstract: In 2013, over a thousand workers were killed when the Rana Plaza factory building &hellip; <\/p>\n<p class=\"link-more\"><a href=\"https:\/\/www.backerinlaw.com\/Site\/welcome\/publications-3\/publications\/2016-published-articles\/\" class=\"more-link\">Continue reading<span class=\"screen-reader-text\"> &#8220;2016 Published Articles&#8221;<\/span><\/a><\/p>\n","protected":false},"author":1,"featured_media":0,"parent":23,"menu_order":0,"comment_status":"closed","ping_status":"closed","template":"","meta":{"footnotes":""},"class_list":["post-1299","page","type-page","status-publish","hentry"],"_links":{"self":[{"href":"https:\/\/www.backerinlaw.com\/Site\/wp-json\/wp\/v2\/pages\/1299","targetHints":{"allow":["GET"]}}],"collection":[{"href":"https:\/\/www.backerinlaw.com\/Site\/wp-json\/wp\/v2\/pages"}],"about":[{"href":"https:\/\/www.backerinlaw.com\/Site\/wp-json\/wp\/v2\/types\/page"}],"author":[{"embeddable":true,"href":"https:\/\/www.backerinlaw.com\/Site\/wp-json\/wp\/v2\/users\/1"}],"replies":[{"embeddable":true,"href":"https:\/\/www.backerinlaw.com\/Site\/wp-json\/wp\/v2\/comments?post=1299"}],"version-history":[{"count":10,"href":"https:\/\/www.backerinlaw.com\/Site\/wp-json\/wp\/v2\/pages\/1299\/revisions"}],"predecessor-version":[{"id":1424,"href":"https:\/\/www.backerinlaw.com\/Site\/wp-json\/wp\/v2\/pages\/1299\/revisions\/1424"}],"up":[{"embeddable":true,"href":"https:\/\/www.backerinlaw.com\/Site\/wp-json\/wp\/v2\/pages\/23"}],"wp:attachment":[{"href":"https:\/\/www.backerinlaw.com\/Site\/wp-json\/wp\/v2\/media?parent=1299"}],"curies":[{"name":"wp","href":"https:\/\/api.w.org\/{rel}","templated":true}]}}